{"id":217,"date":"2022-05-30T11:23:14","date_gmt":"2022-05-30T11:23:14","guid":{"rendered":"https:\/\/pasauliolietuviai.epochuratu.lt\/?page_id=217"},"modified":"2022-11-30T10:13:32","modified_gmt":"2022-11-30T10:13:32","slug":"pateiktys-ir-kita","status":"publish","type":"page","link":"https:\/\/pasauliolietuviai.epochuratu.lt\/?page_id=217","title":{"rendered":"Pateiktys ir kita"},"content":{"rendered":"\n<p><strong>1A &#8211; Lietuviai Azijos \u0161alyse. (<a href=\"http:\/\/pasauliolietuviai.epochuratu.lt\/wp-content\/uploads\/2022\/pasaulio_lietuviai_darbai\/Pirmokai\/1A-Lietuviai-Azijos-salyse.pptx\" target=\"_blank\" rel=\"noreferrer noopener\">atsisi\u0173sti<\/a>)<\/strong><\/p>\n\n\n\n<p><strong>1B &#8211; <strong>Lietuviai Europoje.<\/strong> (<a href=\"https:\/\/pasauliolietuviai.epochuratu.lt\/wp-content\/uploads\/2022\/pasaulio_lietuviai_darbai\/Pirmokai\/1B%20-%20Lietuviai%20Europoje.pptx\" target=\"_blank\" rel=\"noreferrer noopener\">atsisi\u0173sti<\/a>)<\/strong><\/p>\n\n\n\n<p><strong>1C &#8211; <strong>Lietuviai Australijoje ir Okeanijoje.<\/strong> (<a href=\"https:\/\/pasauliolietuviai.epochuratu.lt\/wp-content\/uploads\/2022\/pasaulio_lietuviai_darbai\/Pirmokai\/1C%20-%20Lietuviai%20Australijoje%20ir%20Okeanijoje.pptx\" target=\"_blank\" rel=\"noreferrer noopener\">atsisi\u0173sti<\/a>)<\/strong><\/p>\n\n\n\n<p><strong>1D &#8211; <strong>Lietuviai Piet\u0173 Amerikoje.<\/strong> (<a href=\"https:\/\/pasauliolietuviai.epochuratu.lt\/wp-content\/uploads\/2022\/pasaulio_lietuviai_darbai\/Pirmokai\/1D%20-%20Lietuviai%20Piet%C5%B3%20Amerikoje.pptx\">atsisi\u0173sti<\/a>)<\/strong><\/p>\n\n\n\n<p><strong>1E &#8211; <strong>Lietuviai \u0160iaur\u0117s Amerikoje.<\/strong>&nbsp;(<a href=\"https:\/\/pasauliolietuviai.epochuratu.lt\/wp-content\/uploads\/2022\/pasaulio_lietuviai_darbai\/Pirmokai\/1E%20-%20Lietuviai%20%C5%A0iaur%C4%97s%20Amerikoje.pptx\">atsisi\u0173sti<\/a>)<\/strong><\/p>\n\n\n\n<p><strong>2A &#8211; <strong>Lietuviai Piet\u0173 Amerikoje.<\/strong> (<a href=\"http:\/\/pasauliolietuviai.epochuratu.lt\/wp-content\/uploads\/2022\/pasaulio_lietuviai_darbai\/Antrokai\/2A%20-%20Lietuviai%20Piet%C5%B3%20Amerikoje.pptx\">atsisi\u0173sti<\/a>)<\/strong><\/p>\n\n\n\n<p><strong>2B &#8211; Lietuviai Azijos \u0161alyse. (<a href=\"https:\/\/pasauliolietuviai.epochuratu.lt\/wp-content\/uploads\/2022\/pasaulio_lietuviai_darbai\/Antrokai\/2B%20-%20Lietuviai%20Azijos%20%C5%A1alyse.pdf\">atsisi\u0173sti<\/a>)<\/strong><\/p>\n\n\n\n<p><strong>2C &#8211; <strong>Lietuviai Europoje.<\/strong> (<a href=\"https:\/\/pasauliolietuviai.epochuratu.lt\/wp-content\/uploads\/2022\/pasaulio_lietuviai_darbai\/Antrokai\/2C%20-%20Lietuviai%20Europoje.pptx\">atsisi\u0173sti<\/a>)<\/strong><\/p>\n\n\n\n<p><strong>2D &#8211; <strong>Lietuviai \u0160iaur\u0117s Amerikoje.<\/strong>\u00a0(<a href=\"https:\/\/pasauliolietuviai.epochuratu.lt\/wp-content\/uploads\/2022\/pasaulio_lietuviai_darbai\/Antrokai\/2D%20-%20Lietuviai%20%C5%A0iaur%C4%97s%20Amerikoje.pptx\">atsisi\u0173sti<\/a>)<\/strong><\/p>\n\n\n\n<p><strong>2E &#8211; <strong>Lietuviai Australijoje ir Okeanijoje.<\/strong> (<a href=\"https:\/\/pasauliolietuviai.epochuratu.lt\/wp-content\/uploads\/2022\/pasaulio_lietuviai_darbai\/Antrokai\/2E%20-%20Lietuviai%20Australijoje%20ir%20Okeanijoje.ppt\">atsisi\u0173sti<\/a>)<\/strong><\/p>\n\n\n\n<p><strong>3A &#8211; Lietuviai Azijos \u0161alyse. (<a href=\"https:\/\/pasauliolietuviai.epochuratu.lt\/wp-content\/uploads\/2022\/pasaulio_lietuviai_darbai\/Tre%C4%8Diokai\/3A%20-%20Lietuviai%20Azijos%20%C5%A1alyse.pdf\">atsisi\u0173sti<\/a>)<\/strong><\/p>\n\n\n\n<p><strong>3B &#8211; <strong>Lietuviai \u0160iaur\u0117s Amerikoje.<\/strong>\u00a0(<a href=\"https:\/\/pasauliolietuviai.epochuratu.lt\/wp-content\/uploads\/2022\/pasaulio_lietuviai_darbai\/Tre%C4%8Diokai\/3B%20-%20Lietuviai%20%C5%A0iaur%C4%97s%20Amerikoje.pptx\">atsisi\u0173sti<\/a>)<\/strong><\/p>\n\n\n\n<p><strong>3C &#8211; <strong>Lietuviai Piet\u0173 Amerikoje.<\/strong> (<a href=\"http:\/\/pasauliolietuviai.epochuratu.lt\/wp-content\/uploads\/2022\/pasaulio_lietuviai_darbai\/Tre%C4%8Diokai\/3C%20-%20Lietuviai%20Piet%C5%B3%20Amerikoje.pptx\">atsisi\u0173sti<\/a>)<\/strong><\/p>\n\n\n\n<p><strong>3D &#8211; <strong>Lietuviai Europoje.<\/strong> (<a href=\"https:\/\/pasauliolietuviai.epochuratu.lt\/wp-content\/uploads\/2022\/pasaulio_lietuviai_darbai\/Tre%C4%8Diokai\/3D%20-%20Lietuviai%20Europoje.pptx\">atsisi\u0173sti<\/a>)<\/strong><\/p>\n\n\n\n<p><strong>3E &#8211; <strong>Lietuviai Australijoje ir Okeanijoje.<\/strong> (<a href=\"https:\/\/pasauliolietuviai.epochuratu.lt\/wp-content\/uploads\/2022\/pasaulio_lietuviai_darbai\/Tre%C4%8Diokai\/3E%20-%20Lietuviai%20Australijoje%20ir%20Okeanijoje.pptx\">atsisi\u0173sti<\/a>)<\/strong><\/p>\n","protected":false},"excerpt":{"rendered":"<p>1A &#8211; Lietuviai Azijos \u0161alyse. (atsisi\u0173sti) 1B &#8211; Lietuviai Europoje. (atsisi\u0173sti) 1C &#8211; Lietuviai Australijoje ir Okeanijoje. (atsisi\u0173sti) 1D &#8211; Lietuviai Piet\u0173 Amerikoje. (atsisi\u0173sti) 1E &#8211; Lietuviai \u0160iaur\u0117s Amerikoje.&nbsp;(atsisi\u0173sti) 2A &#8211; Lietuviai Piet\u0173 Amerikoje. (atsisi\u0173sti) 2B &#8211; Lietuviai Azijos \u0161alyse. (atsisi\u0173sti) 2C &#8211; Lietuviai Europoje. (atsisi\u0173sti) 2D &#8211; Lietuviai \u0160iaur\u0117s Amerikoje.\u00a0(atsisi\u0173sti) 2E &#8211; Lietuviai Australijoje ir Okeanijoje. (atsisi\u0173sti) 3A &#8211; Lietuviai Azijos \u0161alyse. (atsisi\u0173sti) 3B &#8211; Lietuviai \u0160iaur\u0117s Amerikoje.\u00a0(atsisi\u0173sti) 3C &#8211; Lietuviai Piet\u0173 Amerikoje. (atsisi\u0173sti) 3D &#8211; Lietuviai Europoje. (atsisi\u0173sti)&#8230;<\/p>\n<p class=\"read-more\"><a class=\"btn btn-default\" href=\"https:\/\/pasauliolietuviai.epochuratu.lt\/?page_id=217\">Daugiau<span class=\"screen-reader-text\"> Daugiau<\/span><\/a><\/p>\n","protected":false},"author":1,"featured_media":0,"parent":213,"menu_order":2,"comment_status":"closed","ping_status":"closed","template":"","meta":[],"_links":{"self":[{"href":"https:\/\/pasauliolietuviai.epochuratu.lt\/index.php?rest_route=\/wp\/v2\/pages\/217"}],"collection":[{"href":"https:\/\/pasauliolietuviai.epochuratu.lt\/index.php?rest_route=\/wp\/v2\/pages"}],"about":[{"href":"https:\/\/pasauliolietuviai.epochuratu.lt\/index.php?rest_route=\/wp\/v2\/types\/page"}],"author":[{"embeddable":true,"href":"https:\/\/pasauliolietuviai.epochuratu.lt\/index.php?rest_route=\/wp\/v2\/users\/1"}],"replies":[{"embeddable":true,"href":"https:\/\/pasauliolietuviai.epochuratu.lt\/index.php?rest_route=%2Fwp%2Fv2%2Fcomments&post=217"}],"version-history":[{"count":14,"href":"https:\/\/pasauliolietuviai.epochuratu.lt\/index.php?rest_route=\/wp\/v2\/pages\/217\/revisions"}],"predecessor-version":[{"id":241,"href":"https:\/\/pasauliolietuviai.epochuratu.lt\/index.php?rest_route=\/wp\/v2\/pages\/217\/revisions\/241"}],"up":[{"embeddable":true,"href":"https:\/\/pasauliolietuviai.epochuratu.lt\/index.php?rest_route=\/wp\/v2\/pages\/213"}],"wp:attachment":[{"href":"https:\/\/pasauliolietuviai.epochuratu.lt\/index.php?rest_route=%2Fwp%2Fv2%2Fmedia&parent=217"}],"curies":[{"name":"wp","href":"https:\/\/api.w.org\/{rel}","templated":true}]}}