{"id":43,"date":"2021-12-30T11:59:07","date_gmt":"2021-12-30T11:59:07","guid":{"rendered":"https:\/\/pasauliolietuviai.epochuratu.lt\/?page_id=43"},"modified":"2022-01-18T09:39:53","modified_gmt":"2022-01-18T09:39:53","slug":"veiklos","status":"publish","type":"page","link":"https:\/\/pasauliolietuviai.epochuratu.lt\/?page_id=43","title":{"rendered":"Veiklos"},"content":{"rendered":"\n<figure class=\"wp-block-table\"><table><tbody><tr><td><strong><em>Veiklos sritys<\/em><\/strong> <strong><em>(pristatymo laikas)<\/em><\/strong><\/td><td><strong><em>Konsultantai<\/em><\/strong><\/td><td><strong><em>Kuruojantis vadovas<\/em><\/strong><\/td><td><strong><em>Vertinimas ra\u0161omas<\/em><\/strong><\/td><\/tr><tr><td><strong><em>Temos pateiktis <\/em><\/strong>(privaloma) &nbsp;<\/td><td>Sandra Ramanauskien\u0117 Alius Av\u010dininkas<\/td><td>Vaidas Rai\u017eys<\/td><td>IKT Istorija lietuvi\u0173 k.<\/td><\/tr><tr><td><strong><em>Filmukas<\/em><\/strong> (privaloma) &nbsp;<\/td><td>Andrius Chmieliauskas Gabriel\u0117 Kuodyt\u0117 Alius Av\u010dininkas &nbsp;<\/td><td>Violeta Motiej\u016bnien\u0117<\/td><td>IKT Istorija lietuvi\u0173 k.<\/td><\/tr><tr><td><strong><em>Knygos puslapiai<\/em><\/strong> (privaloma)<\/td><td>A. Bagdonavi\u010dien\u0117 D. Samuilien\u0117 Roma Petrauskien\u0117<\/td><td>Virginija Navickien\u0117<\/td><td>dail\u0117 lietuvi\u0173 k. istorija<\/td><\/tr><tr><td>Meninis temos pristatymas: (neprivaloma) <strong>Teatras:<\/strong> <strong><em>\u00b7<\/em><\/strong><strong><em>&nbsp;&nbsp;&nbsp;&nbsp;&nbsp;&nbsp;&nbsp;&nbsp; <\/em><\/strong><strong><em>Vaidybinis etiudas pagal pasirinkt\u0105 tem\u0105;<\/em><\/strong> <strong><em>\u00b7<\/em><\/strong><strong><em>&nbsp;&nbsp;&nbsp;&nbsp;&nbsp;&nbsp;&nbsp;&nbsp; <\/em><\/strong><strong><em>Gyvas paveikslas pagal pasirinkt\u0105 tem\u0105<\/em><\/strong><strong><em>;<\/em><\/strong> <strong><em>\u00b7<\/em><\/strong><strong><em>&nbsp;&nbsp;&nbsp;&nbsp;&nbsp;&nbsp;&nbsp;&nbsp; <\/em><\/strong><strong><em>Charakterini\u0173 persona\u017e\u0173 suk\u016brimas pagal pasirinkt\u0105 tem\u0105;<\/em><\/strong> <strong><em>\u00b7<\/em><\/strong><strong><em>&nbsp;&nbsp;&nbsp;&nbsp;&nbsp;&nbsp;&nbsp;&nbsp; <\/em><\/strong><strong><em>Meninis skaitymas (eil\u0117ra\u0161tis, sakm\u0117, padavimas);<\/em><\/strong> <strong><em>Dail\u0117:<\/em><\/strong> <strong><em>Portret\u0173 galerija<\/em><\/strong> <strong><em>Muzika:<\/em><\/strong> Sukurti k\u016brin\u012f, \u012fkomponuojant pasirinkto i\u0161eivijos kompozitoriaus k\u016brinio tem\u0105. &nbsp;<\/td><td>G.Kuodyt\u0117 Laima Namaju\u0161kien\u0117 Dalia Samuilien Sonata Stakionien\u0117 &nbsp;<\/td><td>Virginija Mackonien\u0117<\/td><td>&nbsp; \u012e pasirinktos men\u0173 srities dalyko pamok\u0105<\/td><\/tr><tr><td>Meninis temos pristatymas: &nbsp; <strong><em>\u012eam\u017einimo projektas Vilniaus erdv\u0117se<\/em><\/strong> (privaloma)<\/td><td>&nbsp; Irma Jan\u010dien\u0117 Regina Andriulaityt\u0117 Robertas Ramanauskas &nbsp;<\/td><td>Virginija Mackonien\u0117<\/td><td>\u012e pasirinktos men\u0173 srities dalyko pamok\u0105 Istorija<\/td><\/tr><tr><td><strong><em>Foto kolia\u017eas<\/em><\/strong> (neprivaloma) &nbsp;<\/td><td>&nbsp; A.\u010cetkauskas &nbsp; &nbsp;<\/td><td>Violeta Motiej\u016bnien\u0117<\/td><td>Dail\u0117 Istorija<\/td><\/tr><tr><td><strong><em>Lankstinukas su vertimu \u012f&nbsp; dvi u\u017esienio kalbas<\/em><\/strong> ( lietuvi\u0173 kalba ir kalbos kurias mokosi klas\u0117) (privaloma)<\/td><td>Vertinimo kriterijus paruo\u0161ia ir pristato: U\u017esienio kalb\u0173 mokytojai Lina Cholinien\u0117 S. Tokareva<\/td><td>Vaidas Rai\u017eys<\/td><td>Angl\u0173 k., vokie\u010di\u0173 k. Pranc\u016bz\u0173 k. Rus\u0173 k. IT Istorija<\/td><\/tr><tr><td><strong><em>Vaizdo pamoka<\/em><\/strong> (neprivaloma) &nbsp; &nbsp;<\/td><td>\u017died\u0117 Juodeikyt\u0117<\/td><td>Vaidas Rai\u017eys<\/td><td>Matematika IT Fizika Biologija Fizika Chemija Ekonomika<\/td><\/tr><tr><td><strong><em>Pasirinktos asmenyb\u0117s biografijos komiksas<\/em><\/strong> (privaloma)<\/td><td>Au\u0161ra Smaleckien\u0117 Dalia Samuilien\u0117<\/td><td>Violeta Motiej\u016bnien\u0117<\/td><td>Istorija Lietuvi\u0173 kalba Dail\u0117<\/td><\/tr><tr><td><strong><em>Statistin\u0117 analiz\u0117<\/em><\/strong> (neprivaloma)<\/td><td>Daiva Kavali\u016bnien\u0117<\/td><td>Vaidas Rai\u017eys<\/td><td>Matematika IT<\/td><\/tr><tr><td><strong><em>Mokini\u0173 pasi\u016blyta veikla<\/em><\/strong><\/td><td>&nbsp;<\/td><td>&nbsp;<\/td><td>&nbsp;<\/td><\/tr><tr><td><strong><em>Informacijos centras<\/em><\/strong> (mokinius pasirenka Andrius Chmieliauskas)<\/td><td>Laima Namaju\u0161kien\u0117 Andrius Chmieliauskas Augustas \u010cetkauskas<\/td><td>Violeta Motiej\u016bnien\u0117<\/td><td>Lietuvi\u0173 kalba IT<\/td><\/tr><\/tbody><\/table><\/figure>\n","protected":false},"excerpt":{"rendered":"<p>Veiklos sritys (pristatymo laikas) Konsultantai Kuruojantis vadovas Vertinimas ra\u0161omas Temos pateiktis (privaloma) &nbsp; Sandra Ramanauskien\u0117 Alius Av\u010dininkas Vaidas Rai\u017eys IKT Istorija lietuvi\u0173 k. Filmukas (privaloma) &nbsp; Andrius Chmieliauskas Gabriel\u0117 Kuodyt\u0117 Alius Av\u010dininkas &nbsp; Violeta Motiej\u016bnien\u0117 IKT Istorija lietuvi\u0173 k. Knygos puslapiai (privaloma) A. Bagdonavi\u010dien\u0117 D. Samuilien\u0117 Roma Petrauskien\u0117 Virginija Navickien\u0117 dail\u0117 lietuvi\u0173 k. istorija Meninis temos pristatymas: (neprivaloma) Teatras: \u00b7&nbsp;&nbsp;&nbsp;&nbsp;&nbsp;&nbsp;&nbsp;&nbsp; Vaidybinis etiudas pagal pasirinkt\u0105 tem\u0105; \u00b7&nbsp;&nbsp;&nbsp;&nbsp;&nbsp;&nbsp;&nbsp;&nbsp; Gyvas paveikslas pagal pasirinkt\u0105 tem\u0105; \u00b7&nbsp;&nbsp;&nbsp;&nbsp;&nbsp;&nbsp;&nbsp;&nbsp; Charakterini\u0173 persona\u017e\u0173 suk\u016brimas pagal pasirinkt\u0105 tem\u0105; \u00b7&nbsp;&nbsp;&nbsp;&nbsp;&nbsp;&nbsp;&nbsp;&nbsp; Meninis&#8230;<\/p>\n<p class=\"read-more\"><a class=\"btn btn-default\" href=\"https:\/\/pasauliolietuviai.epochuratu.lt\/?page_id=43\">Daugiau<span class=\"screen-reader-text\"> Daugiau<\/span><\/a><\/p>\n","protected":false},"author":1,"featured_media":0,"parent":0,"menu_order":0,"comment_status":"closed","ping_status":"closed","template":"","meta":[],"_links":{"self":[{"href":"https:\/\/pasauliolietuviai.epochuratu.lt\/index.php?rest_route=\/wp\/v2\/pages\/43"}],"collection":[{"href":"https:\/\/pasauliolietuviai.epochuratu.lt\/index.php?rest_route=\/wp\/v2\/pages"}],"about":[{"href":"https:\/\/pasauliolietuviai.epochuratu.lt\/index.php?rest_route=\/wp\/v2\/types\/page"}],"author":[{"embeddable":true,"href":"https:\/\/pasauliolietuviai.epochuratu.lt\/index.php?rest_route=\/wp\/v2\/users\/1"}],"replies":[{"embeddable":true,"href":"https:\/\/pasauliolietuviai.epochuratu.lt\/index.php?rest_route=%2Fwp%2Fv2%2Fcomments&post=43"}],"version-history":[{"count":5,"href":"https:\/\/pasauliolietuviai.epochuratu.lt\/index.php?rest_route=\/wp\/v2\/pages\/43\/revisions"}],"predecessor-version":[{"id":110,"href":"https:\/\/pasauliolietuviai.epochuratu.lt\/index.php?rest_route=\/wp\/v2\/pages\/43\/revisions\/110"}],"wp:attachment":[{"href":"https:\/\/pasauliolietuviai.epochuratu.lt\/index.php?rest_route=%2Fwp%2Fv2%2Fmedia&parent=43"}],"curies":[{"name":"wp","href":"https:\/\/api.w.org\/{rel}","templated":true}]}}