{"id":49,"date":"2021-12-30T12:06:21","date_gmt":"2021-12-30T12:06:21","guid":{"rendered":"https:\/\/pasauliolietuviai.epochuratu.lt\/?page_id=49"},"modified":"2021-12-30T12:08:08","modified_gmt":"2021-12-30T12:08:08","slug":"temos","status":"publish","type":"page","link":"https:\/\/pasauliolietuviai.epochuratu.lt\/?page_id=49","title":{"rendered":"Temos"},"content":{"rendered":"\n<figure class=\"wp-block-table is-style-regular\"><table><thead><tr><th>Tema<\/th><th> Klas\u0117s i\u0161traukusios tem\u0105<\/th><\/tr><\/thead><tbody><tr><td><strong>1. Lietuviai \u0160iaur\u0117s Amerikoje.<\/strong> <strong>\u00a0<\/strong><\/td><td><strong>3B<\/strong> <strong>2D<\/strong> <strong>1E<\/strong><\/td><\/tr><tr><td><strong>2. Lietuviai Europoje.<\/strong> <strong>\u00a0<\/strong><\/td><td><strong>3D<\/strong> <strong>2C<\/strong> <strong>1B<\/strong><\/td><\/tr><tr><td><strong>3. Lietuviai Piet\u0173 Amerikoje.<\/strong> <strong>\u00a0<\/strong><\/td><td><strong>3C<\/strong> <strong>2A<\/strong> <strong>1D<\/strong><\/td><\/tr><tr><td><strong>4. Lietuviai Australijoje ir Okeanijoje.<\/strong> <strong>\u00a0<\/strong><\/td><td><strong>3E<\/strong> <strong>2E<\/strong> <strong>1C<\/strong><\/td><\/tr><tr><td><strong>5. Lietuviai Azijos\u00a0 \u0161alyse.<\/strong> <strong>\u00a0<\/strong><\/td><td><strong>3A<\/strong> <strong>2B<\/strong> <strong>1A<\/strong><\/td><\/tr><\/tbody><\/table><\/figure>\n\n\n\n<p><\/p>\n","protected":false},"excerpt":{"rendered":"<p>Tema Klas\u0117s i\u0161traukusios tem\u0105 1. Lietuviai \u0160iaur\u0117s Amerikoje. \u00a0 3B 2D 1E 2. Lietuviai Europoje. \u00a0 3D 2C 1B 3. Lietuviai Piet\u0173 Amerikoje. \u00a0 3C 2A 1D 4. Lietuviai Australijoje ir Okeanijoje. \u00a0 3E 2E 1C 5. Lietuviai Azijos\u00a0 \u0161alyse. \u00a0 3A 2B 1A<\/p>\n","protected":false},"author":1,"featured_media":0,"parent":0,"menu_order":0,"comment_status":"closed","ping_status":"closed","template":"","meta":[],"_links":{"self":[{"href":"https:\/\/pasauliolietuviai.epochuratu.lt\/index.php?rest_route=\/wp\/v2\/pages\/49"}],"collection":[{"href":"https:\/\/pasauliolietuviai.epochuratu.lt\/index.php?rest_route=\/wp\/v2\/pages"}],"about":[{"href":"https:\/\/pasauliolietuviai.epochuratu.lt\/index.php?rest_route=\/wp\/v2\/types\/page"}],"author":[{"embeddable":true,"href":"https:\/\/pasauliolietuviai.epochuratu.lt\/index.php?rest_route=\/wp\/v2\/users\/1"}],"replies":[{"embeddable":true,"href":"https:\/\/pasauliolietuviai.epochuratu.lt\/index.php?rest_route=%2Fwp%2Fv2%2Fcomments&post=49"}],"version-history":[{"count":3,"href":"https:\/\/pasauliolietuviai.epochuratu.lt\/index.php?rest_route=\/wp\/v2\/pages\/49\/revisions"}],"predecessor-version":[{"id":54,"href":"https:\/\/pasauliolietuviai.epochuratu.lt\/index.php?rest_route=\/wp\/v2\/pages\/49\/revisions\/54"}],"wp:attachment":[{"href":"https:\/\/pasauliolietuviai.epochuratu.lt\/index.php?rest_route=%2Fwp%2Fv2%2Fmedia&parent=49"}],"curies":[{"name":"wp","href":"https:\/\/api.w.org\/{rel}","templated":true}]}}